{"id":50115,"date":"2021-02-01T13:46:28","date_gmt":"2021-02-01T13:46:28","guid":{"rendered":"https:\/\/ddi-canvas.com\/?page_id=50115"},"modified":"2021-02-01T13:53:05","modified_gmt":"2021-02-01T13:53:05","slug":"workspace","status":"publish","type":"page","link":"https:\/\/ddi-canvas.com\/de\/workspace\/","title":{"rendered":"WORKSPACE"},"content":{"rendered":"<p>[et_pb_section fb_built=&#8221;1&#8243; _builder_version=&#8221;4.8.2&#8243; _module_preset=&#8221;default&#8221; hover_enabled=&#8221;0&#8243; locked=&#8221;off&#8221; title_text=&#8221;DDI-Workspace-1-1030&#215;519-1&#8243; background_enable_image=&#8221;off&#8221; sticky_enabled=&#8221;0&#8243;][et_pb_row _builder_version=&#8221;4.8.1&#8243; _module_preset=&#8221;default&#8221; locked=&#8221;off&#8221;][et_pb_column type=&#8221;4_4&#8243; _builder_version=&#8221;4.8.1&#8243; _module_preset=&#8221;default&#8221;][et_pb_text _builder_version=&#8221;4.8.1&#8243; _module_preset=&#8221;default&#8221; text_font=&#8221;Montserrat|300|||||||&#8221; text_font_size=&#8221;54px&#8221; header_font=&#8221;Montserrat||||||||&#8221; header_font_size=&#8221;33px&#8221; header_line_height=&#8221;1.4em&#8221; text_orientation=&#8221;center&#8221;]<\/p>\n<div class=\"av-special-heading av-special-heading-h1  blockquote modern-quote modern-centered  avia-builder-el-126  el_after_av_hr  el_before_av_hr\">\n<div class=\"flex_column av_three_fifth  flex_column_div   avia-builder-el-134  el_after_av_one_fifth  el_before_av_one_fifth\">\n<div class=\"av-special-heading av-special-heading-h1  blockquote modern-quote modern-centered  avia-builder-el-135  avia-builder-el-no-sibling  av-inherit-size\">\n<div class=\"flex_column av_one_full  flex_column_div first  avia-builder-el-166  el_before_av_hr  avia-builder-el-first\">\n<div class=\"av-special-heading av-special-heading-h1  blockquote modern-quote modern-centered  avia-builder-el-167  avia-builder-el-no-sibling  av-inherit-size\">\n<div class=\"flex_column av_one_full  flex_column_div first  avia-builder-el-263  el_before_av_hr  avia-builder-el-first\">\n<div id=\"workplace\" class=\"av-special-heading av-special-heading-h1  blockquote modern-quote modern-centered  avia-builder-el-264  avia-builder-el-no-sibling  av-inherit-size\">\n<h1 class=\"av-special-heading-tag\" itemprop=\"headline\">WORKSPACE<\/h1>\n<\/div>\n<\/div>\n<div class=\"hr hr-custom hr-center hr-icon-no   avia-builder-el-265  el_after_av_one_full  el_before_av_one_third\"><\/div>\n<\/div>\n<\/div>\n<div class=\"hr hr-custom hr-center hr-icon-no   avia-builder-el-168  el_after_av_one_full  el_before_av_one_fifth\"><\/div>\n<\/div>\n<\/div>\n<\/div>\n<div class=\"hr hr-custom hr-center hr-icon-no   avia-builder-el-127  el_after_av_heading  el_before_av_textblock\" style=\"text-align: center;\"><\/div>\n<p>[\/et_pb_text][et_pb_divider color=&#8221;#000000&#8243; divider_weight=&#8221;2px&#8221; _builder_version=&#8221;4.8.1&#8243; _module_preset=&#8221;default&#8221; width=&#8221;6%&#8221; module_alignment=&#8221;center&#8221; custom_margin=&#8221;50px|||11px|false|false&#8221;][\/et_pb_divider][\/et_pb_column][\/et_pb_row][et_pb_row _builder_version=&#8221;4.8.2&#8243; _module_preset=&#8221;default&#8221; hover_enabled=&#8221;0&#8243; box_shadow_style=&#8221;preset1&#8243; border_radii=&#8221;on|6px|6px|6px|6px&#8221; sticky_enabled=&#8221;0&#8243;][et_pb_column type=&#8221;4_4&#8243; _builder_version=&#8221;4.8.1&#8243; _module_preset=&#8221;default&#8221;][et_pb_text _builder_version=&#8221;4.8.2&#8243; _module_preset=&#8221;default&#8221; text_font=&#8221;Montserrat||||||||&#8221; text_text_color=&#8221;#000000&#8243; text_font_size=&#8221;15px&#8221; text_line_height=&#8221;1.8em&#8221; width=&#8221;91%&#8221; max_width=&#8221;100%&#8221; module_alignment=&#8221;center&#8221; custom_margin=&#8221;|||-13px||&#8221; hover_enabled=&#8221;0&#8243; text_font_tablet=&#8221;&#8221; text_font_phone=&#8221;&#8221; text_font_last_edited=&#8221;on|desktop&#8221; sticky_enabled=&#8221;0&#8243;]<\/p>\n<section class=\"av_textblock_section\" itemscope=\"itemscope\" itemtype=\"https:\/\/schema.org\/CreativeWork\">\n<div class=\"avia_textblock\" itemprop=\"text\">\n<div class=\"flex_column av_three_fifth  flex_column_div av-zero-column-padding   avia-builder-el-170  el_after_av_one_fifth  el_before_av_one_fifth\">\n<section class=\"av_textblock_section\" itemscope=\"itemscope\" itemtype=\"https:\/\/schema.org\/CreativeWork\">\n<div class=\"avia_textblock\" itemprop=\"text\">\n<p>Willkommen im DDI WORKSPACE - dem Ort, an dem Sie das DDI Framework virtuell erkunden und in Kooperation mit Ihren Kollegen erfolgreich in die eigene Praxis umsetzen k\u00f6nnen.<\/p>\n<p>Nicht nur aufgrund von Covid-19 beginnen immer mehr Menschen, online zusammenzuarbeiten. Sie entwickeln neue Ideen, bauen datengetriebene L\u00f6sungen und teilen ihre Ergebnisse mit anderen Teammitgliedern und Kollegen. Um ein professionelles Setup f\u00fcr diese Art der Zusammenarbeit zu bieten, haben wir eine sichere und inspirierende Umgebung entwickelt, in der Sie sofort anfangen k\u00f6nnen, mit dem DDI Canvas und allen dazugeh\u00f6rigen Tools zu arbeiten.<\/p>\n<p>Bitte setzen Sie sich mit uns in<span>\u00a0<\/span><a href=\"https:\/\/ddi-canvas.com\/de\/#contact\">KONTAKT<\/a><span>\u00a0<\/span>, um ein ma\u00dfgeschneidertes Angebot f\u00fcr Ihren Zugang zu erhalten. Wenn Sie Ihre Zugangsdaten bereits haben, k\u00f6nnen Sie Ihre Arbeitssitzung beginnen, indem Sie sie hier eingeben:<\/p>\n<\/div>\n<\/section>\n<\/div>\n<\/div>\n<\/section>\n<div data-autoplay=\"true\" data-interval=\"5\" data-animation=\"slide\" class=\"avia-logo-element-container av-border-deactivate avia-logo-grid avia-content-slider avia-smallarrow-slider avia-content-grid-active noHover avia-content-slider1 avia-content-slider-odd  avia-builder-el-141  el_after_av_textblock  el_before_av_textblock\">\n<div class=\"avia-smallarrow-slider-heading  no-logo-slider-heading\"><\/div>\n<\/div>\n<p>[\/et_pb_text][et_pb_button button_url=&#8221;https:\/\/ddi.evalea.de\/&#8221; url_new_window=&#8221;on&#8221; button_text=&#8221;Login&#8221; button_alignment=&#8221;center&#8221; _builder_version=&#8221;4.8.2&#8243; _module_preset=&#8221;default&#8221; custom_button=&#8221;on&#8221; button_text_size=&#8221;19px&#8221; button_text_color=&#8221;#FFFFFF&#8221; button_bg_color=&#8221;#000000&#8243; button_border_radius=&#8221;37px&#8221; button_font=&#8221;Montserrat||||||||&#8221; custom_margin=&#8221;||||false|false&#8221; hover_enabled=&#8221;0&#8243; sticky_enabled=&#8221;0&#8243; custom_padding=&#8221;|156px||156px|false|true&#8221;][\/et_pb_button][\/et_pb_column][\/et_pb_row][et_pb_row _builder_version=&#8221;4.8.2&#8243; _module_preset=&#8221;default&#8221;][et_pb_column _builder_version=&#8221;4.8.2&#8243; _module_preset=&#8221;default&#8221; type=&#8221;4_4&#8243;][et_pb_image src=&#8221;https:\/\/ddi-canvas.com\/media\/2021\/01\/DDI-Workspace-1-1030&#215;519-1.jpg&#8221; title_text=&#8221;DDI-Workspace-1-1030&#215;519&#8243; _builder_version=&#8221;4.8.1&#8243; _module_preset=&#8221;default&#8221; custom_margin=&#8221;16px|-15px||||&#8221;][\/et_pb_image][\/et_pb_column][\/et_pb_row][\/et_pb_section]<\/p>","protected":false},"excerpt":{"rendered":"<p>WORKSPACE Welcome to the DDI WORKSPACE \u2013 the place for virtually exploring the DDI Framework and successfully start your online collaboration with your peers. Not only due to Covid-19, more and more people are starting to work together online: exploring and nourishing their ideas, developing new data driven solutions and sharing their results with other [&hellip;]<\/p>","protected":false},"author":1,"featured_media":0,"parent":0,"menu_order":0,"comment_status":"closed","ping_status":"closed","template":"","meta":{"_et_pb_use_builder":"on","_et_pb_old_content":"","_et_gb_content_width":"","footnotes":""},"dipi_cpt_category":[],"class_list":["post-50115","page","type-page","status-publish","hentry"],"_links":{"self":[{"href":"https:\/\/ddi-canvas.com\/de\/wp-json\/wp\/v2\/pages\/50115","targetHints":{"allow":["GET"]}}],"collection":[{"href":"https:\/\/ddi-canvas.com\/de\/wp-json\/wp\/v2\/pages"}],"about":[{"href":"https:\/\/ddi-canvas.com\/de\/wp-json\/wp\/v2\/types\/page"}],"author":[{"embeddable":true,"href":"https:\/\/ddi-canvas.com\/de\/wp-json\/wp\/v2\/users\/1"}],"replies":[{"embeddable":true,"href":"https:\/\/ddi-canvas.com\/de\/wp-json\/wp\/v2\/comments?post=50115"}],"version-history":[{"count":8,"href":"https:\/\/ddi-canvas.com\/de\/wp-json\/wp\/v2\/pages\/50115\/revisions"}],"predecessor-version":[{"id":50127,"href":"https:\/\/ddi-canvas.com\/de\/wp-json\/wp\/v2\/pages\/50115\/revisions\/50127"}],"wp:attachment":[{"href":"https:\/\/ddi-canvas.com\/de\/wp-json\/wp\/v2\/media?parent=50115"}],"wp:term":[{"taxonomy":"dipi_cpt_category","embeddable":true,"href":"https:\/\/ddi-canvas.com\/de\/wp-json\/wp\/v2\/dipi_cpt_category?post=50115"}],"curies":[{"name":"wp","href":"https:\/\/api.w.org\/{rel}","templated":true}]}}