{"id":47,"date":"2021-01-31T13:08:15","date_gmt":"2021-01-31T13:08:15","guid":{"rendered":"https:\/\/ddi-canvas.com\/?page_id=47"},"modified":"2021-02-12T07:33:06","modified_gmt":"2021-02-12T07:33:06","slug":"offering","status":"publish","type":"page","link":"https:\/\/ddi-canvas.com\/de\/offering\/","title":{"rendered":"ANGEBOT"},"content":{"rendered":"<p>[et_pb_section fb_built=&#8221;1&#8243; _builder_version=&#8221;4.8.1&#8243; _module_preset=&#8221;default&#8221; locked=&#8221;off&#8221;][et_pb_row _builder_version=&#8221;4.8.1&#8243; _module_preset=&#8221;default&#8221; custom_padding=&#8221;17px|||||&#8221; locked=&#8221;off&#8221;][et_pb_column type=&#8221;4_4&#8243; _builder_version=&#8221;4.8.1&#8243; _module_preset=&#8221;default&#8221;][et_pb_text _builder_version=&#8221;4.8.1&#8243; _module_preset=&#8221;default&#8221; text_font=&#8221;Montserrat|300|||||||&#8221; text_font_size=&#8221;54px&#8221; header_font=&#8221;Montserrat||||||||&#8221; header_font_size=&#8221;33px&#8221; header_line_height=&#8221;1.4em&#8221; text_orientation=&#8221;center&#8221;]<\/p>\n<div class=\"av-special-heading av-special-heading-h1  blockquote modern-quote modern-centered  avia-builder-el-126  el_after_av_hr  el_before_av_hr\">\n<h1 class=\"av-special-heading-tag\" itemprop=\"headline\">ANGEBOT<\/h1>\n<\/div>\n<div class=\"hr hr-custom hr-center hr-icon-no   avia-builder-el-127  el_after_av_heading  el_before_av_textblock\" style=\"text-align: center;\"><\/div>\n<p>[\/et_pb_text][et_pb_divider color=&#8221;#000000&#8243; divider_weight=&#8221;2px&#8221; _builder_version=&#8221;4.8.1&#8243; _module_preset=&#8221;default&#8221; width=&#8221;6%&#8221; module_alignment=&#8221;center&#8221; custom_margin=&#8221;50px|||11px|false|false&#8221;][\/et_pb_divider][et_pb_text _builder_version=&#8221;4.8.2&#8243; _module_preset=&#8221;default&#8221; text_font=&#8221;Montserrat||||||||&#8221; text_text_color=&#8221;#000000&#8243; text_font_size=&#8221;15px&#8221; text_line_height=&#8221;1.8em&#8221; max_width=&#8221;100%&#8221; module_alignment=&#8221;center&#8221; custom_margin=&#8221;|||9px||&#8221; text_font_tablet=&#8221;&#8221; text_font_phone=&#8221;&#8221; text_font_last_edited=&#8221;on|desktop&#8221;]<\/p>\n<p>Zusammen mit sorgf\u00e4ltig ausgew\u00e4hlten Partnern haben wir eine Vielfalt von Formaten entwickelt, die Start-ups, KMU und gr\u00f6\u00dfere Organisationen bei der erfolgreichen Entwicklung und Erweiterung ihres datengesteuerten Gesch\u00e4fts unterst\u00fctzen.<\/p>\n<ul>\n<li>In ma\u00dfgeschneiderten, interaktiven<span>\u00a0<\/span>Workshops k\u00f6nnen Unternehmen<span>\u00a0<\/span><strong>praktische Erfahrungen<\/strong>\u00a0mit der Anwendung des DDI Frameworks und des DDI Canvas sammeln. Die jeweilige Konzeption dieser Workshops wird eng mit dem jeweiligen Auftraggeber abgestimmt. Sie k\u00f6nnen sowohl als Startpunkt f\u00fcr die Auseinandersetzung mit den M\u00f6glichkeiten eines st\u00e4rker daten-getriebenen Gesch\u00e4fts dienen als auch f\u00fcr die kontinuierliche Arbeit an einem entsprechenden Produktportfolio genutzt werden.<\/li>\n<\/ul>\n<ul>\n<li><strong>Im Rahmen individueller Sparrings<\/strong><span>\u00a0<\/span>mit Schl\u00fcsselpersonen, die f\u00fcr die<span>\u00a0<\/span><strong>Steuerung<\/strong><span>\u00a0<\/span>datengesteuerter Innovationen in Unternehmen verantwortlich sind, kann detailliert auf Fragen eingegangen werden, die sich bei der praktischen Anwendung des DDI Frameworks ergeben.<\/li>\n<\/ul>\n<ul>\n<li>Gemeinsam mit unserem Partner<span>\u00a0<\/span><a href=\"https:\/\/evalea.de\/\">Evalea<\/a>\u00a0haben wir eine<span>\u00a0<\/span><strong>Reihe von Online-Tools<\/strong><span>\u00a0<\/span>entwickelt, die unterschiedlichen Zielgruppen bei ihrer Arbeit unterst\u00fctzen. F\u00fcr<span>\u00a0<\/span>CEOs und Entscheidungstr\u00e4gerinnen<span>\u00a0<\/span>erm\u00f6glicht eine erste, systematische Selbsteinsch\u00e4tzung die fundierte Auseinandersetzung mit den Chancen und Risiken datengetrieber Innovationen und bietet eine Entscheidungsgrundlage f\u00fcr die Priorisierung notwendiger Ressourcen und Investitionen. Projektleiterinnen und Projektverantwortliche bekommen mit pr\u00e4szisen Online Checklisten einen \u00dcberblick \u00fcber die Steuerung und das Monitoring ihrer Aktivit\u00e4ten und den Aufbau eines unternehmensinternen \u00d6kosystems, mit dem Synergien erzeugt und Ressourcen geb\u00fcndelt werden k\u00f6nnen.<\/li>\n<\/ul>\n<p>Bitte setzen Sie sich mit uns in<span>\u00a0<\/span><a href=\"https:\/\/ddi-canvas.com\/de\/#contact\">KONTAKT<\/a><span>\u00a0<\/span>wenn Sie mehr \u00fcber diese ma\u00dfgeschneiderten Angebote erfahren m\u00f6chten.<\/p>\n<p>[\/et_pb_text][\/et_pb_column][\/et_pb_row][et_pb_row column_structure=&#8221;3_5,2_5&#8243; _builder_version=&#8221;4.8.2&#8243; _module_preset=&#8221;default&#8221; custom_padding=&#8221;3px|||||&#8221;][et_pb_column type=&#8221;3_5&#8243; _builder_version=&#8221;4.8.2&#8243; _module_preset=&#8221;default&#8221; animation_style=&#8221;slide&#8221; animation_direction=&#8221;left&#8221; animation_intensity_slide=&#8221;13%&#8221;][et_pb_image src=&#8221;https:\/\/ddi-canvas.com\/media\/2021\/01\/ddi-workshop-10.jpg&#8221; title_text=&#8221;ddi-workshop-10&#8243; _builder_version=&#8221;4.8.2&#8243; _module_preset=&#8221;default&#8221; transform_scale=&#8221;102%|102%&#8221; custom_padding=&#8221;|19px||||&#8221; filter_opacity=&#8221;79%&#8221; border_radii=&#8221;on|4px|4px|4px|4px&#8221; box_shadow_style=&#8221;preset1&#8243; transform_styles__hover_enabled=&#8221;on|hover&#8221; transform_scale__hover_enabled=&#8221;on|hover&#8221; transform_translate__hover_enabled=&#8221;on|desktop&#8221; transform_rotate__hover_enabled=&#8221;on|desktop&#8221; transform_skew__hover_enabled=&#8221;on|desktop&#8221; transform_origin__hover_enabled=&#8221;on|desktop&#8221; transform_scale__hover=&#8221;106%|106%&#8221;][\/et_pb_image][\/et_pb_column][et_pb_column type=&#8221;2_5&#8243; _builder_version=&#8221;4.8.2&#8243; _module_preset=&#8221;default&#8221; animation_style=&#8221;slide&#8221; animation_direction=&#8221;right&#8221; animation_intensity_slide=&#8221;14%&#8221;][et_pb_image src=&#8221;https:\/\/ddi-canvas.com\/media\/2021\/01\/ddi-workshop-05.jpg&#8221; title_text=&#8221;ddi-workshop-05&#8243; _builder_version=&#8221;4.8.2&#8243; _module_preset=&#8221;default&#8221; transform_scale=&#8221;102%|102%&#8221; custom_margin=&#8221;|||-58px||&#8221; custom_margin_tablet=&#8221;&#8221; custom_margin_phone=&#8221;|||0px|false|false&#8221; custom_margin_last_edited=&#8221;on|phone&#8221; filter_opacity=&#8221;75%&#8221; border_radii=&#8221;on|5px|5px|5px|5px&#8221; box_shadow_style=&#8221;preset1&#8243; transform_styles__hover_enabled=&#8221;on|hover&#8221; transform_scale__hover_enabled=&#8221;on|hover&#8221; transform_translate__hover_enabled=&#8221;on|desktop&#8221; transform_rotate__hover_enabled=&#8221;on|desktop&#8221; transform_skew__hover_enabled=&#8221;on|desktop&#8221; transform_origin__hover_enabled=&#8221;on|desktop&#8221; transform_scale__hover=&#8221;106%|106%&#8221;][\/et_pb_image][\/et_pb_column][\/et_pb_row][et_pb_row column_structure=&#8221;3_5,2_5&#8243; _builder_version=&#8221;4.8.2&#8243; _module_preset=&#8221;default&#8221; custom_padding=&#8221;3px|||||&#8221;][et_pb_column type=&#8221;3_5&#8243; _builder_version=&#8221;4.8.2&#8243; _module_preset=&#8221;default&#8221; animation_style=&#8221;slide&#8221; animation_direction=&#8221;left&#8221; animation_intensity_slide=&#8221;11%&#8221;][et_pb_image src=&#8221;https:\/\/ddi-canvas.com\/media\/2021\/01\/ddi-workshop-07.jpg&#8221; title_text=&#8221;ddi-workshop-07&#8243; _builder_version=&#8221;4.8.2&#8243; _module_preset=&#8221;default&#8221; transform_scale=&#8221;102%|102%&#8221; custom_padding=&#8221;|19px||||&#8221; filter_opacity=&#8221;74%&#8221; border_radii=&#8221;on|4px|4px|4px|4px&#8221; box_shadow_style=&#8221;preset1&#8243; transform_styles__hover_enabled=&#8221;on|hover&#8221; transform_scale__hover_enabled=&#8221;on|hover&#8221; transform_translate__hover_enabled=&#8221;on|desktop&#8221; transform_rotate__hover_enabled=&#8221;on|desktop&#8221; transform_skew__hover_enabled=&#8221;on|desktop&#8221; transform_origin__hover_enabled=&#8221;on|desktop&#8221; transform_scale__hover=&#8221;106%|106%&#8221;][\/et_pb_image][\/et_pb_column][et_pb_column type=&#8221;2_5&#8243; _builder_version=&#8221;4.8.2&#8243; _module_preset=&#8221;default&#8221; animation_style=&#8221;slide&#8221; animation_direction=&#8221;right&#8221; animation_intensity_slide=&#8221;12%&#8221;][et_pb_image src=&#8221;https:\/\/ddi-canvas.com\/media\/2021\/01\/ddi-workshop-02.jpg&#8221; title_text=&#8221;ddi-workshop-02&#8243; _builder_version=&#8221;4.8.2&#8243; _module_preset=&#8221;default&#8221; transform_scale=&#8221;102%|102%&#8221; custom_margin=&#8221;|||-58px||&#8221; custom_margin_tablet=&#8221;&#8221; custom_margin_phone=&#8221;|||0px|false|false&#8221; custom_margin_last_edited=&#8221;on|phone&#8221; filter_opacity=&#8221;75%&#8221; border_radii=&#8221;on|4px|4px|4px|4px&#8221; box_shadow_style=&#8221;preset1&#8243; transform_styles__hover_enabled=&#8221;on|hover&#8221; transform_scale__hover_enabled=&#8221;on|hover&#8221; transform_translate__hover_enabled=&#8221;on|desktop&#8221; transform_rotate__hover_enabled=&#8221;on|desktop&#8221; transform_skew__hover_enabled=&#8221;on|desktop&#8221; transform_origin__hover_enabled=&#8221;on|desktop&#8221; transform_scale__hover=&#8221;106%|106%&#8221;][\/et_pb_image][\/et_pb_column][\/et_pb_row][et_pb_row column_structure=&#8221;3_5,2_5&#8243; _builder_version=&#8221;4.8.2&#8243; _module_preset=&#8221;default&#8221; custom_padding=&#8221;3px|||||&#8221;][et_pb_column type=&#8221;3_5&#8243; _builder_version=&#8221;4.8.2&#8243; _module_preset=&#8221;default&#8221; animation_style=&#8221;slide&#8221; animation_direction=&#8221;left&#8221; animation_intensity_slide=&#8221;12%&#8221;][et_pb_image src=&#8221;https:\/\/ddi-canvas.com\/media\/2021\/01\/ddi-workshop-04.jpg&#8221; title_text=&#8221;ddi-workshop-04&#8243; _builder_version=&#8221;4.8.2&#8243; _module_preset=&#8221;default&#8221; transform_scale=&#8221;102%|102%&#8221; custom_margin=&#8221;|-52px|||false|false&#8221; custom_margin_tablet=&#8221;&#8221; custom_margin_phone=&#8221;|0px|||false|false&#8221; custom_margin_last_edited=&#8221;on|phone&#8221; custom_padding=&#8221;|16px||||&#8221; filter_opacity=&#8221;75%&#8221; border_radii=&#8221;on|4px|4px|4px|4px&#8221; box_shadow_style=&#8221;preset1&#8243; transform_styles__hover_enabled=&#8221;on|hover&#8221; transform_scale__hover_enabled=&#8221;on|hover&#8221; transform_translate__hover_enabled=&#8221;on|desktop&#8221; transform_rotate__hover_enabled=&#8221;on|desktop&#8221; transform_skew__hover_enabled=&#8221;on|desktop&#8221; transform_origin__hover_enabled=&#8221;on|desktop&#8221; transform_scale__hover=&#8221;106%|106%&#8221;][\/et_pb_image][\/et_pb_column][et_pb_column type=&#8221;2_5&#8243; _builder_version=&#8221;4.8.2&#8243; _module_preset=&#8221;default&#8221; animation_style=&#8221;slide&#8221; animation_direction=&#8221;right&#8221; animation_intensity_slide=&#8221;16%&#8221;][et_pb_image src=&#8221;https:\/\/ddi-canvas.com\/media\/2021\/01\/21.png&#8221; title_text=&#8221;21&#8243; _builder_version=&#8221;4.8.2&#8243; _module_preset=&#8221;default&#8221; transform_scale=&#8221;102%|102%&#8221; custom_margin=&#8221;|||-20px||&#8221; custom_padding=&#8221;|12px||30px||&#8221; filter_opacity=&#8221;75%&#8221; border_radii=&#8221;on|4px|4px|4px|4px&#8221; box_shadow_style=&#8221;preset1&#8243; transform_styles__hover_enabled=&#8221;on|hover&#8221; transform_scale__hover_enabled=&#8221;on|hover&#8221; transform_translate__hover_enabled=&#8221;on|desktop&#8221; transform_rotate__hover_enabled=&#8221;on|desktop&#8221; transform_skew__hover_enabled=&#8221;on|desktop&#8221; transform_origin__hover_enabled=&#8221;on|desktop&#8221; transform_scale__hover=&#8221;106%|106%&#8221;][\/et_pb_image][\/et_pb_column][\/et_pb_row][et_pb_row column_structure=&#8221;2_5,3_5&#8243; _builder_version=&#8221;4.8.2&#8243; _module_preset=&#8221;default&#8221; custom_padding=&#8221;3px|||||&#8221;][et_pb_column type=&#8221;2_5&#8243; _builder_version=&#8221;4.8.2&#8243; _module_preset=&#8221;default&#8221; animation_style=&#8221;slide&#8221; animation_direction=&#8221;left&#8221; animation_intensity_slide=&#8221;12%&#8221;][et_pb_image src=&#8221;https:\/\/ddi-canvas.com\/media\/2021\/02\/20191106_134246_HDR.jpg&#8221; title_text=&#8221;20191106_134246_HDR&#8221; _builder_version=&#8221;4.8.2&#8243; _module_preset=&#8221;default&#8221; transform_scale=&#8221;102%|102%&#8221; custom_margin=&#8221;|-205px|||false|false&#8221; custom_margin_tablet=&#8221;&#8221; custom_margin_phone=&#8221;|0px|||false|false&#8221; custom_margin_last_edited=&#8221;on|phone&#8221; custom_padding=&#8221;|10px||||&#8221; filter_opacity=&#8221;75%&#8221; border_radii=&#8221;on|4px|4px|4px|4px&#8221; box_shadow_style=&#8221;preset1&#8243; transform_styles__hover_enabled=&#8221;on|hover&#8221; transform_scale__hover_enabled=&#8221;on|hover&#8221; transform_translate__hover_enabled=&#8221;on|desktop&#8221; transform_rotate__hover_enabled=&#8221;on|desktop&#8221; transform_skew__hover_enabled=&#8221;on|desktop&#8221; transform_origin__hover_enabled=&#8221;on|desktop&#8221; transform_scale__hover=&#8221;106%|106%&#8221;][\/et_pb_image][\/et_pb_column][et_pb_column type=&#8221;3_5&#8243; _builder_version=&#8221;4.8.2&#8243; _module_preset=&#8221;default&#8221; animation_style=&#8221;slide&#8221; animation_direction=&#8221;right&#8221; animation_intensity_slide=&#8221;16%&#8221;][et_pb_image src=&#8221;https:\/\/ddi-canvas.com\/media\/2021\/02\/ddi-workshop-01.jpg&#8221; title_text=&#8221;ddi-workshop-01&#8243; _builder_version=&#8221;4.8.2&#8243; _module_preset=&#8221;default&#8221; transform_scale=&#8221;102%|102%&#8221; custom_margin=&#8221;|||-20px||&#8221; custom_padding=&#8221;|12px||188px||&#8221; custom_padding_tablet=&#8221;&#8221; custom_padding_phone=&#8221;|||20px|false|false&#8221; custom_padding_last_edited=&#8221;on|phone&#8221; filter_opacity=&#8221;76%&#8221; border_radii=&#8221;on|4px|4px|4px|4px&#8221; box_shadow_style=&#8221;preset1&#8243; transform_styles__hover_enabled=&#8221;on|hover&#8221; transform_scale__hover_enabled=&#8221;on|hover&#8221; transform_translate__hover_enabled=&#8221;on|desktop&#8221; transform_rotate__hover_enabled=&#8221;on|desktop&#8221; transform_skew__hover_enabled=&#8221;on|desktop&#8221; transform_origin__hover_enabled=&#8221;on|desktop&#8221; transform_scale__hover=&#8221;106%|106%&#8221;][\/et_pb_image][\/et_pb_column][\/et_pb_row][\/et_pb_section]<\/p>","protected":false},"excerpt":{"rendered":"<p>OFFERING Together with carefully selected partners we are able to provide a range of offerings that will support start-ups, SME\u2019s and larger organizations to successfully develop and expand their data-driven business. In highly customized, interactive\u00a0workshops\u00a0companies can gain\u00a0practical experience\u00a0of how to apply the DDI Framework and Canvas for either an in-depth check of all relevant factors [&hellip;]<\/p>","protected":false},"author":1,"featured_media":0,"parent":0,"menu_order":0,"comment_status":"closed","ping_status":"closed","template":"","meta":{"_et_pb_use_builder":"on","_et_pb_old_content":"","_et_gb_content_width":"","footnotes":""},"dipi_cpt_category":[],"class_list":["post-47","page","type-page","status-publish","hentry"],"_links":{"self":[{"href":"https:\/\/ddi-canvas.com\/de\/wp-json\/wp\/v2\/pages\/47","targetHints":{"allow":["GET"]}}],"collection":[{"href":"https:\/\/ddi-canvas.com\/de\/wp-json\/wp\/v2\/pages"}],"about":[{"href":"https:\/\/ddi-canvas.com\/de\/wp-json\/wp\/v2\/types\/page"}],"author":[{"embeddable":true,"href":"https:\/\/ddi-canvas.com\/de\/wp-json\/wp\/v2\/users\/1"}],"replies":[{"embeddable":true,"href":"https:\/\/ddi-canvas.com\/de\/wp-json\/wp\/v2\/comments?post=47"}],"version-history":[{"count":22,"href":"https:\/\/ddi-canvas.com\/de\/wp-json\/wp\/v2\/pages\/47\/revisions"}],"predecessor-version":[{"id":50409,"href":"https:\/\/ddi-canvas.com\/de\/wp-json\/wp\/v2\/pages\/47\/revisions\/50409"}],"wp:attachment":[{"href":"https:\/\/ddi-canvas.com\/de\/wp-json\/wp\/v2\/media?parent=47"}],"wp:term":[{"taxonomy":"dipi_cpt_category","embeddable":true,"href":"https:\/\/ddi-canvas.com\/de\/wp-json\/wp\/v2\/dipi_cpt_category?post=47"}],"curies":[{"name":"wp","href":"https:\/\/api.w.org\/{rel}","templated":true}]}}