{"id":14,"date":"2021-01-31T13:01:36","date_gmt":"2021-01-31T13:01:36","guid":{"rendered":"https:\/\/ddi-canvas.com\/?page_id=14"},"modified":"2024-05-10T07:26:22","modified_gmt":"2024-05-10T07:26:22","slug":"why","status":"publish","type":"page","link":"https:\/\/ddi-canvas.com\/de\/","title":{"rendered":"WHY"},"content":{"rendered":"<p>[et_pb_section fb_built=&#8221;1&#8243; _builder_version=&#8221;4.16&#8243; _module_preset=&#8221;default&#8221; background_color=&#8221;#7ebec5&#8243; use_background_color_gradient=&#8221;on&#8221; background_color_gradient_stops=&#8221;rgba(126,190,197,0.75) 0%|rgba(126,190,197,0.71) 100%&#8221; background_color_gradient_overlays_image=&#8221;on&#8221; background_color_gradient_start=&#8221;rgba(126,190,197,0.75)&#8221; background_color_gradient_end=&#8221;rgba(126,190,197,0.71)&#8221; background_image=&#8221;https:\/\/ddi-canvas.com\/media\/2021\/01\/the-innovation-helix-bg-1030&#215;687-1.jpg&#8221; background_position=&#8221;bottom_center&#8221; custom_margin=&#8221;0px||0px||true|false&#8221; custom_padding=&#8221;186px||186px||true|false&#8221; global_colors_info=&#8221;{}&#8221;][et_pb_row column_structure=&#8221;3_5,2_5&#8243; _builder_version=&#8221;4.16&#8243; _module_preset=&#8221;default&#8221; width=&#8221;100%&#8221; custom_margin=&#8221;-73px|auto||auto||&#8221; custom_padding=&#8221;12px||12px||true|false&#8221; global_colors_info=&#8221;{}&#8221;][et_pb_column type=&#8221;3_5&#8243; _builder_version=&#8221;4.16&#8243; _module_preset=&#8221;default&#8221; global_colors_info=&#8221;{}&#8221;][et_pb_text _builder_version=&#8221;4.16&#8243; _module_preset=&#8221;default&#8221; text_font=&#8221;Montserrat|600|||||||&#8221; text_text_color=&#8221;#FFFFFF&#8221; text_font_size=&#8221;62px&#8221; text_line_height=&#8221;1.2em&#8221; width_tablet=&#8221;&#8221; width_phone=&#8221;100%&#8221; width_last_edited=&#8221;on|phone&#8221; custom_margin_tablet=&#8221;&#8221; custom_margin_phone=&#8221;|25px||25px|false|true&#8221; custom_margin_last_edited=&#8221;on|phone&#8221; text_font_size_tablet=&#8221;&#8221; text_font_size_phone=&#8221;42px&#8221; text_font_size_last_edited=&#8221;on|phone&#8221; global_colors_info=&#8221;{}&#8221;]<\/p>\n<p>Das Offensichtliche verstehen.<\/p>\n<p>[\/et_pb_text][dipi_fancy_text in_animation=&#8221;fadeInDown&#8221; out_animation=&#8221;fadeOutDown&#8221; duration=&#8221;700&#8243; _builder_version=&#8221;4.16&#8243; _module_preset=&#8221;default&#8221; custom_margin=&#8221;|||-9px|false|false&#8221; custom_margin_tablet=&#8221;&#8221; custom_margin_phone=&#8221;|16px||16px|false|true&#8221; custom_margin_last_edited=&#8221;on|phone&#8221; all_font_size_tablet=&#8221;&#8221; all_font_size_phone=&#8221;27px&#8221; all_font_size_last_edited=&#8221;on|phone&#8221; text_line_height_tablet=&#8221;&#8221; text_line_height_phone=&#8221;1.8em&#8221; text_line_height_last_edited=&#8221;on|phone&#8221; global_colors_info=&#8221;{}&#8221;][dipi_fancy_text_child text=&#8221;Big Data&#8221; _builder_version=&#8221;4.16&#8243; _module_preset=&#8221;default&#8221; font_font=&#8221;Montserrat|600|||||||&#8221; font_text_color=&#8221;#c48200&#8243; font_font_size=&#8221;47px&#8221; global_colors_info=&#8221;{}&#8221;][\/dipi_fancy_text_child][dipi_fancy_text_child text=&#8221;Data Analytics&#8221; _builder_version=&#8221;4.16&#8243; _module_preset=&#8221;default&#8221; font_font=&#8221;Montserrat|600|||||||&#8221; font_text_color=&#8221;#c48200&#8243; font_font_size=&#8221;47px&#8221; global_colors_info=&#8221;{}&#8221;][\/dipi_fancy_text_child][dipi_fancy_text_child text=&#8221;Platform Economy&#8221; _builder_version=&#8221;4.16&#8243; _module_preset=&#8221;default&#8221; font_font=&#8221;Montserrat|600|||||||&#8221; font_text_color=&#8221;#c48200&#8243; font_font_size=&#8221;47px&#8221; global_colors_info=&#8221;{}&#8221;][\/dipi_fancy_text_child][dipi_fancy_text_child text=&#8221;Disruption&#8221; _builder_version=&#8221;4.16&#8243; _module_preset=&#8221;default&#8221; font_font=&#8221;Montserrat|600|||||||&#8221; font_text_color=&#8221;#c48200&#8243; font_font_size=&#8221;47px&#8221; global_colors_info=&#8221;{}&#8221;][\/dipi_fancy_text_child][dipi_fancy_text_child text=&#8221;Digital Value Chain&#8221; _builder_version=&#8221;4.16&#8243; _module_preset=&#8221;default&#8221; font_font=&#8221;Montserrat|600|||||||&#8221; font_text_color=&#8221;#c48200&#8243; font_font_size=&#8221;47px&#8221; global_colors_info=&#8221;{}&#8221;][\/dipi_fancy_text_child][\/dipi_fancy_text][\/et_pb_column][et_pb_column type=&#8221;2_5&#8243; _builder_version=&#8221;4.16&#8243; _module_preset=&#8221;default&#8221; global_colors_info=&#8221;{}&#8221;][\/et_pb_column][\/et_pb_row][\/et_pb_section][et_pb_section fb_built=&#8221;1&#8243; _builder_version=&#8221;4.16&#8243; _module_preset=&#8221;default&#8221; global_colors_info=&#8221;{}&#8221;][et_pb_row custom_padding_last_edited=&#8221;on|phone&#8221; _builder_version=&#8221;4.16&#8243; _module_preset=&#8221;default&#8221; custom_padding_tablet=&#8221;&#8221; custom_padding_phone=&#8221;0px||0px||false|false&#8221; global_colors_info=&#8221;{}&#8221;][et_pb_column type=&#8221;4_4&#8243; _builder_version=&#8221;4.16&#8243; _module_preset=&#8221;default&#8221; global_colors_info=&#8221;{}&#8221;][et_pb_text _builder_version=&#8221;4.16&#8243; _module_preset=&#8221;default&#8221; header_font=&#8221;Montserrat||||||||&#8221; header_font_size=&#8221;33px&#8221; header_line_height=&#8221;1.4em&#8221; header_font_size_tablet=&#8221;&#8221; header_font_size_phone=&#8221;17px&#8221; header_font_size_last_edited=&#8221;on|phone&#8221; global_colors_info=&#8221;{}&#8221;]<\/p>\n<h1 class=\"av-special-heading-tag\" itemprop=\"headline\" style=\"text-align: center;\"><strong>Das Offensichtliche verstehen.<\/strong><br \/> Das ist Sinn und Zweck unserer Arbeit an datengetriebenen Innovationen und Gesch\u00e4ftsmodellen.<\/h1>\n<p>[\/et_pb_text][et_pb_divider color=&#8221;#000000&#8243; divider_weight=&#8221;2px&#8221; _builder_version=&#8221;4.16&#8243; _module_preset=&#8221;default&#8221; width=&#8221;7%&#8221; module_alignment=&#8221;center&#8221; global_colors_info=&#8221;{}&#8221;][\/et_pb_divider][\/et_pb_column][\/et_pb_row][et_pb_row column_structure=&#8221;2_5,3_5&#8243; use_custom_gutter=&#8221;on&#8221; _builder_version=&#8221;4.16&#8243; _module_preset=&#8221;default&#8221; width=&#8221;100%&#8221; global_colors_info=&#8221;{}&#8221;][et_pb_column type=&#8221;2_5&#8243; _builder_version=&#8221;4.16&#8243; _module_preset=&#8221;default&#8221; animation_style=&#8221;slide&#8221; animation_direction=&#8221;left&#8221; animation_intensity_slide=&#8221;11%&#8221; global_colors_info=&#8221;{}&#8221;][et_pb_image src=&#8221;https:\/\/ddi-canvas.com\/media\/2021\/01\/ddi-purpose-01-1.jpg&#8221; title_text=&#8221;ddi-purpose-01-1&#8243; _builder_version=&#8221;4.16&#8243; _module_preset=&#8221;default&#8221; use_background_color_gradient=&#8221;on&#8221; background_color_gradient_overlays_image=&#8221;on&#8221; custom_margin=&#8221;8px|||||&#8221; filter_opacity=&#8221;70%&#8221; border_radii=&#8221;on|4px|4px|4px|4px&#8221; box_shadow_style=&#8221;preset1&#8243; global_colors_info=&#8221;{}&#8221; transform_styles__hover_enabled=&#8221;on|hover&#8221; transform_scale__hover_enabled=&#8221;on|hover&#8221; transform_translate__hover_enabled=&#8221;on|desktop&#8221; transform_rotate__hover_enabled=&#8221;on|desktop&#8221; transform_skew__hover_enabled=&#8221;on|desktop&#8221; transform_origin__hover_enabled=&#8221;on|desktop&#8221; transform_scale__hover=&#8221;105%|105%&#8221;][\/et_pb_image][\/et_pb_column][et_pb_column type=&#8221;3_5&#8243; _builder_version=&#8221;4.16&#8243; _module_preset=&#8221;default&#8221; custom_padding=&#8221;25px|25px|25px|25px|true|true&#8221; animation_style=&#8221;slide&#8221; animation_direction=&#8221;right&#8221; animation_intensity_slide=&#8221;10%&#8221; border_radii=&#8221;on|6px|6px|6px|6px&#8221; box_shadow_style=&#8221;preset1&#8243; global_colors_info=&#8221;{}&#8221;][et_pb_text _builder_version=&#8221;4.16&#8243; _module_preset=&#8221;default&#8221; text_font=&#8221;Montserrat||||||||&#8221; text_font_size=&#8221;15px&#8221; custom_margin=&#8221;45px|23px|45px|23px|true|true&#8221; global_colors_info=&#8221;{}&#8221;]<\/p>\n<p class=\"translation-block\">Unaufhaltsam ver\u00e4ndern <\/span><strong>Daten<\/strong><span>\u00a0und <\/span><strong>K\u00fcnstliche Intelligenz (KI)<\/strong><span> s\u00e4mtliche Bereiche unseres Lebens. Um dieser tiefgreifenden Transformation gewachsen sein sein \u2013 sie also nicht als als Bedrohung, sondern Chance zu verstehen \u2013 brauchen Entscheiderinnen und Entscheider ein Grundverst\u00e4ndnis der Treiber und Zusammenh\u00e4nge, die diese Ver\u00e4nderungen ma\u00dfgeblich beeinflussen.<\/p>\n<p>[\/et_pb_text][\/et_pb_column][\/et_pb_row][et_pb_row column_structure=&#8221;2_5,3_5&#8243; use_custom_gutter=&#8221;on&#8221; _builder_version=&#8221;4.16&#8243; _module_preset=&#8221;default&#8221; width=&#8221;100%&#8221; global_colors_info=&#8221;{}&#8221;][et_pb_column type=&#8221;2_5&#8243; _builder_version=&#8221;4.16&#8243; _module_preset=&#8221;default&#8221; animation_style=&#8221;slide&#8221; animation_direction=&#8221;left&#8221; animation_intensity_slide=&#8221;10%&#8221; global_colors_info=&#8221;{}&#8221;][et_pb_image src=&#8221;https:\/\/ddi-canvas.com\/media\/2021\/01\/ddi-purpose-03-1.jpg&#8221; title_text=&#8221;ddi-purpose-03-1&#8243; _builder_version=&#8221;4.16&#8243; _module_preset=&#8221;default&#8221; custom_margin=&#8221;24px|||||&#8221; filter_opacity=&#8221;72%&#8221; border_radii=&#8221;on|3px|3px|3px|3px&#8221; box_shadow_style=&#8221;preset1&#8243; global_colors_info=&#8221;{}&#8221; transform_styles__hover_enabled=&#8221;on|hover&#8221; transform_scale__hover_enabled=&#8221;on|hover&#8221; transform_translate__hover_enabled=&#8221;on|desktop&#8221; transform_rotate__hover_enabled=&#8221;on|desktop&#8221; transform_skew__hover_enabled=&#8221;on|desktop&#8221; transform_origin__hover_enabled=&#8221;on|desktop&#8221; transform_scale__hover=&#8221;105%|105%&#8221;][\/et_pb_image][\/et_pb_column][et_pb_column type=&#8221;3_5&#8243; _builder_version=&#8221;4.16&#8243; _module_preset=&#8221;default&#8221; custom_padding=&#8221;15px|5px|15px|25px|true|false&#8221; animation_style=&#8221;slide&#8221; animation_direction=&#8221;right&#8221; animation_intensity_slide=&#8221;10%&#8221; border_radii=&#8221;on|6px|6px|6px|6px&#8221; box_shadow_style=&#8221;preset1&#8243; global_colors_info=&#8221;{}&#8221;][et_pb_text _builder_version=&#8221;4.16&#8243; _module_preset=&#8221;default&#8221; text_font=&#8221;Montserrat||||||||&#8221; text_font_size=&#8221;15px&#8221; custom_margin=&#8221;0px|23px|0px|23px|true|true&#8221; custom_padding=&#8221;||0px|||&#8221; global_colors_info=&#8221;{}&#8221;]<\/p>\n<p>&nbsp;<\/p>\n<p class=\"translation-block\">Ein Blick auf die aktuelle wirtschaftliche Situation zeigt: Die Auswirkungen dieser neuen Technologien sind eklatant. Es gibt heute kaum eine Branche, einen Markt, einen Wertsch\u00f6pfungsprozess oder eine Organisation, die nicht von den Auswirkungen von Daten &amp; Algorithmen betroffen ist.<\/p>\n<p>Obwohl die F\u00e4higkeiten, diese Kr\u00e4fte zu adressieren, zu analysieren und zu nutzen, um neue Gesch\u00e4ftsm\u00f6glichkeiten zu schaffen, von Unternehmen zu Unternehmen unterschiedlich sind, ist die Notwendigkeit, sich damit auseinanderzusetzen, unbestritten und \u00fcber alle Branchen hinweg weithin akzeptiert.<\/p>\n<p>&nbsp;<\/p>\n<p>[\/et_pb_text][\/et_pb_column][\/et_pb_row][et_pb_row column_structure=&#8221;2_5,3_5&#8243; use_custom_gutter=&#8221;on&#8221; _builder_version=&#8221;4.16&#8243; _module_preset=&#8221;default&#8221; width=&#8221;100%&#8221; global_colors_info=&#8221;{}&#8221;][et_pb_column type=&#8221;2_5&#8243; _builder_version=&#8221;4.16&#8243; _module_preset=&#8221;default&#8221; animation_style=&#8221;slide&#8221; animation_direction=&#8221;left&#8221; animation_intensity_slide=&#8221;10%&#8221; global_colors_info=&#8221;{}&#8221;][et_pb_image src=&#8221;https:\/\/ddi-canvas.com\/media\/2021\/01\/ddi-purpose-02-1.jpg&#8221; title_text=&#8221;ddi-purpose-02-1&#8243; _builder_version=&#8221;4.16&#8243; _module_preset=&#8221;default&#8221; custom_margin=&#8221;24px|||||&#8221; filter_opacity=&#8221;68%&#8221; border_radii=&#8221;on|4px|4px|4px|4px&#8221; box_shadow_style=&#8221;preset1&#8243; global_colors_info=&#8221;{}&#8221; transform_styles__hover_enabled=&#8221;on|hover&#8221; transform_scale__hover_enabled=&#8221;on|hover&#8221; transform_translate__hover_enabled=&#8221;on|desktop&#8221; transform_rotate__hover_enabled=&#8221;on|desktop&#8221; transform_skew__hover_enabled=&#8221;on|desktop&#8221; transform_origin__hover_enabled=&#8221;on|desktop&#8221; transform_scale__hover=&#8221;105%|105%&#8221;][\/et_pb_image][\/et_pb_column][et_pb_column type=&#8221;3_5&#8243; _builder_version=&#8221;4.16&#8243; _module_preset=&#8221;default&#8221; custom_padding=&#8221;15px|5px|15px|25px|true|false&#8221; animation_style=&#8221;slide&#8221; animation_direction=&#8221;right&#8221; animation_intensity_slide=&#8221;10%&#8221; border_radii=&#8221;on|6px|6px|6px|6px&#8221; box_shadow_style=&#8221;preset1&#8243; global_colors_info=&#8221;{}&#8221;][et_pb_text _builder_version=&#8221;4.16&#8243; _module_preset=&#8221;default&#8221; text_font=&#8221;Montserrat||||||||&#8221; text_font_size=&#8221;15px&#8221; custom_margin=&#8221;0px|23px|0px|23px|true|true&#8221; global_colors_info=&#8221;{}&#8221;]<\/p>\n<p class=\"translation-block\">Das ist der Punkt, an dem unser<span> <\/span><strong>Data Driven Innovation Framework<\/strong><span> <\/span>ins Spiel kommt. Um diese neuen Arten der Wertsch\u00f6pfung erfolgreich zu gestelten, muss jedes Design von<span> datengetriebenen Gesch\u00e4ftsm\u00f6glichkeiten<\/span> unterschiedliche Perspektiven strukturiert und systematisch einbeziehen.<\/p>\n<p>Von einzelnen Anwendern und ihren Bed\u00fcrfnissen (sowie ihrer Bereitschaft, f\u00fcr neue datengetriebene L\u00f6sungen zu zahlen) \u00fcber Fragen der Datenqualit\u00e4t und technologischen Herausforderungen bis hin zu messbaren Netzwerkeffekten in einem bestehenden \u00d6kosystem von Kunden und Partnern m\u00fcssen all diese Perspektiven geschickt kombiniert werden, um das Potential jeder datengetriebenen Innovation zu entfalten. <\/p>\n<p>[\/et_pb_text][\/et_pb_column][\/et_pb_row][et_pb_row column_structure=&#8221;2_5,3_5&#8243; use_custom_gutter=&#8221;on&#8221; _builder_version=&#8221;4.16&#8243; _module_preset=&#8221;default&#8221; width=&#8221;100%&#8221; global_colors_info=&#8221;{}&#8221;][et_pb_column type=&#8221;2_5&#8243; _builder_version=&#8221;4.16&#8243; _module_preset=&#8221;default&#8221; animation_style=&#8221;slide&#8221; animation_direction=&#8221;left&#8221; animation_intensity_slide=&#8221;10%&#8221; global_colors_info=&#8221;{}&#8221;][et_pb_image src=&#8221;https:\/\/ddi-canvas.com\/media\/2021\/01\/ddi-purpose-04-1.jpg&#8221; title_text=&#8221;ddi-purpose-04-1&#8243; _builder_version=&#8221;4.16&#8243; _module_preset=&#8221;default&#8221; custom_margin=&#8221;10px|||||&#8221; filter_opacity=&#8221;68%&#8221; border_radii=&#8221;on|3px|3px|3px|3px&#8221; box_shadow_style=&#8221;preset1&#8243; global_colors_info=&#8221;{}&#8221; transform_styles__hover_enabled=&#8221;on|hover&#8221; transform_scale__hover_enabled=&#8221;on|hover&#8221; transform_translate__hover_enabled=&#8221;on|desktop&#8221; transform_rotate__hover_enabled=&#8221;on|desktop&#8221; transform_skew__hover_enabled=&#8221;on|desktop&#8221; transform_origin__hover_enabled=&#8221;on|desktop&#8221; transform_scale__hover=&#8221;105%|105%&#8221;][\/et_pb_image][\/et_pb_column][et_pb_column type=&#8221;3_5&#8243; _builder_version=&#8221;4.16&#8243; _module_preset=&#8221;default&#8221; custom_padding=&#8221;15px|5px|15px|25px|true|false&#8221; animation_style=&#8221;slide&#8221; animation_direction=&#8221;right&#8221; animation_intensity_slide=&#8221;10%&#8221; border_radii=&#8221;on|6px|6px|6px|6px&#8221; box_shadow_style=&#8221;preset1&#8243; global_colors_info=&#8221;{}&#8221;][et_pb_text _builder_version=&#8221;4.16&#8243; _module_preset=&#8221;default&#8221; text_font=&#8221;Montserrat||||||||&#8221; text_font_size=&#8221;15px&#8221; custom_margin=&#8221;36px|23px|36px|23px|true|true&#8221; global_colors_info=&#8221;{}&#8221;]<\/p>\n<p><strong>Das ist unser Anspruch:<span>\u00a0<\/span><\/strong><span>Die Arbeit mit dem DDI Framework erm\u00f6glicht es jedem Unternehmen, die zentralen Fragestellungen rund um neue, datenbasierte Produkte, Dienstleistungen und Gesch\u00e4ftsmodelle zu verstehen und daraus Initativen und konkrete Ma\u00dfnahmen abzuleiten, mit denen die eigene Wettbewerbsf\u00e4higkeit nachhaltig auf eine zukunftsf\u00e4hige Grundlage gestellt wird.<\/span><\/p>\n<p>[\/et_pb_text][\/et_pb_column][\/et_pb_row][\/et_pb_section][et_pb_section fb_built=&#8221;1&#8243; _builder_version=&#8221;4.16&#8243; _module_preset=&#8221;default&#8221; use_background_color_gradient=&#8221;on&#8221; background_color_gradient_stops=&#8221;rgba(255,255,255,0.3) 0%|rgba(255,255,255,0.32) 100%&#8221; background_color_gradient_overlays_image=&#8221;on&#8221; background_color_gradient_start=&#8221;rgba(255,255,255,0.3)&#8221; background_color_gradient_end=&#8221;rgba(255,255,255,0.32)&#8221; background_image=&#8221;https:\/\/ddi-canvas.com\/media\/2021\/01\/hipster-working-1030&#215;687-1.jpg&#8221; global_colors_info=&#8221;{}&#8221;][et_pb_row column_structure=&#8221;1_2,1_2&#8243; _builder_version=&#8221;4.16&#8243; _module_preset=&#8221;default&#8221; global_colors_info=&#8221;{}&#8221;][et_pb_column type=&#8221;1_2&#8243; _builder_version=&#8221;4.16&#8243; _module_preset=&#8221;default&#8221; global_colors_info=&#8221;{}&#8221;][\/et_pb_column][et_pb_column type=&#8221;1_2&#8243; _builder_version=&#8221;4.16&#8243; _module_preset=&#8221;default&#8221; global_colors_info=&#8221;{}&#8221;][et_pb_text _builder_version=&#8221;4.16&#8243; _module_preset=&#8221;default&#8221; text_font=&#8221;Montserrat|300|||||||&#8221; text_font_size=&#8221;54px&#8221; header_font=&#8221;Montserrat||||||||&#8221; header_font_size=&#8221;33px&#8221; header_line_height=&#8221;1.4em&#8221; global_colors_info=&#8221;{}&#8221;]<\/p>\n<p>WAS<\/p>\n<p>[\/et_pb_text][et_pb_divider color=&#8221;#000000&#8243; divider_weight=&#8221;2px&#8221; _builder_version=&#8221;4.16&#8243; _module_preset=&#8221;default&#8221; width=&#8221;15%&#8221; custom_margin=&#8221;50px|||11px|false|false&#8221; global_colors_info=&#8221;{}&#8221;][\/et_pb_divider][et_pb_text _builder_version=&#8221;4.16&#8243; _module_preset=&#8221;default&#8221; text_font=&#8221;Montserrat||||||||&#8221; text_text_color=&#8221;#000000&#8243; text_font_size=&#8221;15px&#8221; text_line_height=&#8221;1.8em&#8221; custom_margin=&#8221;|||9px||&#8221; text_font_tablet=&#8221;&#8221; text_font_phone=&#8221;&#8221; text_font_last_edited=&#8221;on|desktop&#8221; global_colors_info=&#8221;{}&#8221;]<\/p>\n<p>Der<span>\u00a0<\/span><strong>Data-Driven Innovation (DDI) Framework<span>\u00a0<\/span><\/strong>ist eine systematische Vorgehensweise, um die zentralen Herausforderungen datengetriebener Innovationen zu verstehen und diese im eigenen Tagesgesch\u00e4ft erfolgreich umzusetzen. Startups, mittelst\u00e4ndische Unternehmen und internationale Konzerne bekommen mit diesem Vorgehen ein Werkzeug in die Hand, um das Potential datengetriebener Gesch\u00e4ftsmodelle im Zusammenspiel von Angebot und Nachfrage auszuloten und es in praxisrelevante Erfolgsfaktoren zu \u00fcbersetzen.<\/p>\n<p class=\"translation-block\">Das DDI Framework basiert auf einem theoriegeleiteten Modell und der dazugeh\u00f6rigen empirischen Forschung. Es beschreibt alle relevanten Dimensionen eines daten-getriebenen Gesch\u00e4fts. Auf der <\/span><strong>Angebotsseite<\/strong><span> geht es dabei in erster Linie um die Entwicklung neuer Produkte und Dienstleistungen, die pr\u00e4zise auf einen spezifischen Kundennutzen ausgerichtet sind. Dazu geh\u00f6rt die Auseinandersetzung mit den zugrundeliegenden Technologien sowie eine Analyse der Verf\u00fcgbarkeit und Qualit\u00e4t der nutzbaren Daten. \n\nAuf der <\/span><strong>Nachfrageseite<\/strong><span> geht es um ein genaues Verst\u00e4ndnis der relevanten M\u00e4rkte und das Zusammenspiel einzelner Stakeholder in einem klar definierten \u00d6kosystem. \n\nEin Wesensmerkmal aller daten-getriebenen Innovationen ist ihr netzwerkf\u00f6rmiger Charakter. Welche Partner demnach mit ihren jeweils eigenen Interessen daran beteiligt sind, wie diese Netzwerk-Effekte nachhaltig in eine eigene Gesch\u00e4ftsstrategie \u00fcbersetzt werden k\u00f6nnen.<\/p>\n<p class=\"translation-block\">Welche Art von Gesch\u00e4ft \u00fcberhaupt betrieben wird ist eine weitere wichtige Einflussgr\u00f6\u00dfe, die \u00fcber Erfolg und Misserfolg einer daten-getriebenen Innovation entscheidet.<\/p>\n<p>[\/et_pb_text][\/et_pb_column][\/et_pb_row][\/et_pb_section]<\/p>","protected":false},"excerpt":{"rendered":"<p>Das Offensichtliche verstehen.<div class=\"et_pb_module dipi_fancy_text dipi_fancy_text_0\">\n\t\t\t\t\n\t\t\t\t\n\t\t\t\t\n\t\t\t\t\n\t\t\t\t\n\t\t\t\t\n\t\t\t\t<div class=\"et_pb_module_inner\">\n\t\t\t\t\t<div class=\"dipi-fancy-text-container\" data-config=\"{&quot;animation_start&quot;:&quot;in_a_viewport&quot;,&quot;animation_start_viewport&quot;:&quot;75%&quot;,&quot;animation_only_once&quot;:&quot;off&quot;,&quot;item_count&quot;:0}\">\n                <h3 class=\"fancy-text\">\n                    <div class=\"fancy-text-prefix\"><\/div><div class=\"fancy-text-wrap\" data-in-animation='fadeInDown' data-out-animation='fadeOutDown' data-speed='2500' data-duration='700'><\/div><div class=\"fancy-text-suffix\"><\/div>\n                <\/h3>\n            <\/div>\n\t\t\t\t<\/div>\n\t\t\t<\/div><div class=\"et_pb_module dipi_fancy_text_child dipi_fancy_text_child_0\">\n\t\t\t\t\n\t\t\t\t\n\t\t\t\t\n\t\t\t\t\n\t\t\t\t\n\t\t\t\t\n\t\t\t\t<div class=\"et_pb_module_inner\">\n\t\t\t\t\t\n\t\t\t\t<\/div>\n\t\t\t<\/div><div class=\"et_pb_module dipi_fancy_text_child dipi_fancy_text_child_1\">\n\t\t\t\t\n\t\t\t\t\n\t\t\t\t\n\t\t\t\t\n\t\t\t\t\n\t\t\t\t\n\t\t\t\t<div class=\"et_pb_module_inner\">\n\t\t\t\t\t\n\t\t\t\t<\/div>\n\t\t\t<\/div><div class=\"et_pb_module dipi_fancy_text_child dipi_fancy_text_child_2\">\n\t\t\t\t\n\t\t\t\t\n\t\t\t\t\n\t\t\t\t\n\t\t\t\t\n\t\t\t\t\n\t\t\t\t<div class=\"et_pb_module_inner\">\n\t\t\t\t\t\n\t\t\t\t<\/div>\n\t\t\t<\/div><div class=\"et_pb_module dipi_fancy_text_child dipi_fancy_text_child_3\">\n\t\t\t\t\n\t\t\t\t\n\t\t\t\t\n\t\t\t\t\n\t\t\t\t\n\t\t\t\t\n\t\t\t\t<div class=\"et_pb_module_inner\">\n\t\t\t\t\t\n\t\t\t\t<\/div>\n\t\t\t<\/div><div class=\"et_pb_module dipi_fancy_text_child dipi_fancy_text_child_4\">\n\t\t\t\t\n\t\t\t\t\n\t\t\t\t\n\t\t\t\t\n\t\t\t\t\n\t\t\t\t\n\t\t\t\t<div class=\"et_pb_module_inner\">\n\t\t\t\t\t\n\t\t\t\t<\/div>\n\t\t\t<\/div><\/p>","protected":false},"author":1,"featured_media":0,"parent":0,"menu_order":0,"comment_status":"closed","ping_status":"closed","template":"","meta":{"_et_pb_use_builder":"on","_et_pb_old_content":"","_et_gb_content_width":"","footnotes":""},"dipi_cpt_category":[],"class_list":["post-14","page","type-page","status-publish","hentry"],"_links":{"self":[{"href":"https:\/\/ddi-canvas.com\/de\/wp-json\/wp\/v2\/pages\/14","targetHints":{"allow":["GET"]}}],"collection":[{"href":"https:\/\/ddi-canvas.com\/de\/wp-json\/wp\/v2\/pages"}],"about":[{"href":"https:\/\/ddi-canvas.com\/de\/wp-json\/wp\/v2\/types\/page"}],"author":[{"embeddable":true,"href":"https:\/\/ddi-canvas.com\/de\/wp-json\/wp\/v2\/users\/1"}],"replies":[{"embeddable":true,"href":"https:\/\/ddi-canvas.com\/de\/wp-json\/wp\/v2\/comments?post=14"}],"version-history":[{"count":29,"href":"https:\/\/ddi-canvas.com\/de\/wp-json\/wp\/v2\/pages\/14\/revisions"}],"predecessor-version":[{"id":50850,"href":"https:\/\/ddi-canvas.com\/de\/wp-json\/wp\/v2\/pages\/14\/revisions\/50850"}],"wp:attachment":[{"href":"https:\/\/ddi-canvas.com\/de\/wp-json\/wp\/v2\/media?parent=14"}],"wp:term":[{"taxonomy":"dipi_cpt_category","embeddable":true,"href":"https:\/\/ddi-canvas.com\/de\/wp-json\/wp\/v2\/dipi_cpt_category?post=14"}],"curies":[{"name":"wp","href":"https:\/\/api.w.org\/{rel}","templated":true}]}}